{"id":9,"date":"2016-07-16T07:30:18","date_gmt":"2016-07-16T05:30:18","guid":{"rendered":"http:\/\/material-compliance-manager.de\/?page_id=9"},"modified":"2022-05-25T10:52:13","modified_gmt":"2022-05-25T08:52:13","slug":"beauftragter","status":"publish","type":"page","link":"https:\/\/material-compliance-manager.de\/index.php\/beauftragter\/","title":{"rendered":"Beauftragte"},"content":{"rendered":"<div class=\"fusion-fullwidth fullwidth-box fusion-builder-row-1 fusion-flex-container hundred-percent-fullwidth non-hundred-percent-height-scrolling\" style=\"--awb-border-radius-top-left:0px;--awb-border-radius-top-right:0px;--awb-border-radius-bottom-right:0px;--awb-border-radius-bottom-left:0px;--awb-overflow:visible;--awb-flex-wrap:wrap;\" ><div class=\"fusion-builder-row fusion-row fusion-flex-align-items-flex-start fusion-flex-content-wrap\" style=\"width:calc( 100% + 0px ) !important;max-width:calc( 100% + 0px ) !important;margin-left: calc(-0px \/ 2 );margin-right: calc(-0px \/ 2 );\"><div class=\"fusion-layout-column fusion_builder_column fusion-builder-column-0 fusion_builder_column_1_1 1_1 fusion-flex-column\" style=\"--awb-bg-size:cover;--awb-width-large:100%;--awb-margin-top-large:0px;--awb-spacing-right-large:0px;--awb-margin-bottom-large:20px;--awb-spacing-left-large:0px;--awb-width-medium:100%;--awb-spacing-right-medium:0px;--awb-spacing-left-medium:0px;--awb-width-small:100%;--awb-spacing-right-small:0px;--awb-spacing-left-small:0px;\"><div class=\"fusion-column-wrapper fusion-flex-justify-content-flex-start fusion-content-layout-column\"><div class=\"fusion-title title fusion-title-1 fusion-sep-none fusion-title-text fusion-title-size-one\" style=\"--awb-margin-bottom:15px;--awb-margin-top-small:10px;--awb-margin-right-small:0px;--awb-margin-bottom-small:10px;--awb-margin-left-small:0px;\"><h1 class=\"fusion-title-heading title-heading-left\" style=\"margin:0;\">Material Compliance Beauftragte m\/w\/d (T\u00dcV)<\/h1><\/div><div class=\"fusion-title title fusion-title-2 fusion-sep-none fusion-title-text fusion-title-size-two\" style=\"--awb-margin-top-small:10px;--awb-margin-right-small:0px;--awb-margin-bottom-small:10px;--awb-margin-left-small:0px;\"><h2 class=\"fusion-title-heading title-heading-left\" style=\"margin:0;\">Betriebliche Organisation zur Einhaltung der Material Compliance Vorgaben im Produktenstehungsprozess und in der Produktion<\/h2><\/div><div class=\"fusion-text fusion-text-1\"><p>Ziel ist es, im Unternehmen entsprechende Prozesse zur Sicherstellung der Vorgabenkonformit\u00e4t einzuf\u00fchren und deren Einhaltung, vor allem im Produkt und in der Produktion, zu \u00fcberwachen, um damit aktiv Haftungsrisiken zu minimieren.<\/p>\n<\/div><div class=\"fusion-title title fusion-title-3 fusion-sep-none fusion-title-text fusion-title-size-three\" style=\"--awb-margin-top:30px;--awb-margin-bottom:15px;--awb-margin-top-small:10px;--awb-margin-right-small:0px;--awb-margin-bottom-small:10px;--awb-margin-left-small:0px;\"><h3 class=\"fusion-title-heading title-heading-left\" style=\"margin:0;\">Inhalte<\/h3><\/div><ul style=\"--awb-size:13px;--awb-iconcolor:#84b819;--awb-line-height:22.1px;--awb-icon-width:22.1px;--awb-icon-height:22.1px;--awb-icon-margin:9.1px;--awb-content-margin:31.2px;\" class=\"fusion-checklist fusion-checklist-1 fusion-checklist-default type-icons\"><li class=\"fusion-li-item\" style=\"\"><span class=\"icon-wrapper circle-no\"><i class=\"fusion-li-icon fa-check fas\" aria-hidden=\"true\"><\/i><\/span><div class=\"fusion-li-item-content\">\n<p>Regelwerke, wie REACH, RoHS, TSCA, CalProp65, POP, Conflict Minerals, SCIP etc.<\/p>\n<\/div><\/li><li class=\"fusion-li-item\" style=\"\"><span class=\"icon-wrapper circle-no\"><i class=\"fusion-li-icon fa-check fas\" aria-hidden=\"true\"><\/i><\/span><div class=\"fusion-li-item-content\">Vorgehensweise zur Festlegung des Handlungsbedarfs\u00a0 (Betroffenheitsanalyse, Ma\u00dfnahmen und Ressourcenplan)<\/div><\/li><li class=\"fusion-li-item\" style=\"\"><span class=\"icon-wrapper circle-no\"><i class=\"fusion-li-icon fa-check fas\" aria-hidden=\"true\"><\/i><\/span><div class=\"fusion-li-item-content\">\n<p>Prozessumsetzung analog IEC 63000<\/p>\n<\/div><\/li><li class=\"fusion-li-item\" style=\"\"><span class=\"icon-wrapper circle-no\"><i class=\"fusion-li-icon fa-check fas\" aria-hidden=\"true\"><\/i><\/span><div class=\"fusion-li-item-content\">Material Compliance Anforderungen in Einkauf und Vertrieb<\/div><\/li><li class=\"fusion-li-item\" style=\"\"><span class=\"icon-wrapper circle-no\"><i class=\"fusion-li-icon fa-check fas\" aria-hidden=\"true\"><\/i><\/span><div class=\"fusion-li-item-content\">Material Compliance Anforderungen im Bereich Entwicklung<\/div><\/li><li class=\"fusion-li-item\" style=\"\"><span class=\"icon-wrapper circle-no\"><i class=\"fusion-li-icon fa-check fas\" aria-hidden=\"true\"><\/i><\/span><div class=\"fusion-li-item-content\">Material Compliance Anforderung in der Produktion<\/div><\/li><li class=\"fusion-li-item\" style=\"\"><span class=\"icon-wrapper circle-no\"><i class=\"fusion-li-icon fa-check fas\" aria-hidden=\"true\"><\/i><\/span><div class=\"fusion-li-item-content\">Umsetzung von Material Compliance Anforderungen in der Qualit\u00e4tssicherung<\/div><\/li><li class=\"fusion-li-item\" style=\"\"><span class=\"icon-wrapper circle-no\"><i class=\"fusion-li-icon fa-check fas\" aria-hidden=\"true\"><\/i><\/span><div class=\"fusion-li-item-content\">Lieferantenkommunikation zur Absicherung der Material Compliance<\/div><\/li><\/ul><div class=\"fusion-title title fusion-title-4 fusion-sep-none fusion-title-text fusion-title-size-three\" style=\"--awb-margin-top:30px;--awb-margin-bottom:15px;--awb-margin-top-small:10px;--awb-margin-right-small:0px;--awb-margin-bottom-small:10px;--awb-margin-left-small:0px;\"><h3 class=\"fusion-title-heading title-heading-left\" style=\"margin:0;\">Zielgruppe<\/h3><\/div><div class=\"fusion-text fusion-text-2\"><p>Mitarbeiter aus Einkauf, Entwicklung, Qualit\u00e4t, Produktion, Betriebsbeauftragte oder Lagerleiter von Industrieunternehmen, die\u00a0 im Themenumfeld Material Compliance t\u00e4tig sind bzw. die Beauftragtenfunktion wahrnehmen sollen.<\/p>\n<\/div><div class=\"fusion-title title fusion-title-5 fusion-sep-none fusion-title-text fusion-title-size-three\" style=\"--awb-margin-top:30px;--awb-margin-bottom:15px;--awb-margin-top-small:10px;--awb-margin-right-small:0px;--awb-margin-bottom-small:10px;--awb-margin-left-small:0px;\"><h3 class=\"fusion-title-heading title-heading-left\" style=\"margin:0;\">Termine<\/h3><\/div><div class=\"fusion-recent-posts fusion-recent-posts-1 avada-container layout-default layout-columns-1\"><section class=\"fusion-columns columns fusion-columns-1 columns-1\"><article class=\"post fusion-column column col col-lg-12 col-md-12 col-sm-12\"><div class=\"recent-posts-content\"><span class=\"vcard\" style=\"display: none;\"><span class=\"fn\"><a href=\"https:\/\/material-compliance-manager.de\/index.php\/author\/stefanie-huber\/\" title=\"Beitr\u00e4ge von Stefanie Huber\" rel=\"author\">Stefanie Huber<\/a><\/span><\/span><span class=\"updated\" style=\"display:none;\">2021-12-22T15:02:22+01:00<\/span><h4 class=\"entry-title\"><a href=\"https:\/\/material-compliance-manager.de\/index.php\/2016\/11\/22\/mc-beauftragter-tuev\/\">Material Compliance Beauftragter (T\u00dcV)<\/a><\/h4><\/div><\/article><article class=\"post fusion-column column col col-lg-12 col-md-12 col-sm-12\"><div class=\"recent-posts-content\"><span class=\"vcard\" style=\"display: none;\"><span class=\"fn\"><a href=\"https:\/\/material-compliance-manager.de\/index.php\/author\/stefanie-huber\/\" title=\"Beitr\u00e4ge von Stefanie Huber\" rel=\"author\">Stefanie Huber<\/a><\/span><\/span><span class=\"updated\" style=\"display:none;\">2020-08-13T11:24:43+02:00<\/span><h4 class=\"entry-title\"><a href=\"https:\/\/material-compliance-manager.de\/index.php\/2016\/11\/10\/mc-fachkraft_tuev\/\">Material Compliance Fachkraft (T\u00dcV)<\/a><\/h4><\/div><\/article><article class=\"post fusion-column column col col-lg-12 col-md-12 col-sm-12\"><div class=\"recent-posts-content\"><span class=\"vcard\" style=\"display: none;\"><span class=\"fn\"><a href=\"https:\/\/material-compliance-manager.de\/index.php\/author\/stefanie-huber\/\" title=\"Beitr\u00e4ge von Stefanie Huber\" rel=\"author\">Stefanie Huber<\/a><\/span><\/span><span class=\"updated\" style=\"display:none;\">2020-08-13T10:29:25+02:00<\/span><h4 class=\"entry-title\"><a href=\"https:\/\/material-compliance-manager.de\/index.php\/2016\/11\/09\/mc-academy-termine\/\">Material Compliance Academy Terminkalender<\/a><\/h4><\/div><\/article><\/section><\/div><div class=\"fusion-title title fusion-title-6 fusion-sep-none fusion-title-text fusion-title-size-three\" style=\"--awb-margin-top:30px;--awb-margin-bottom:15px;--awb-margin-top-small:10px;--awb-margin-right-small:0px;--awb-margin-bottom-small:10px;--awb-margin-left-small:0px;\"><h3 class=\"fusion-title-heading title-heading-left\" style=\"margin:0;\">Anmeldung beim T\u00dcV<\/h3><\/div><div class=\"fusion-text fusion-text-3\" style=\"--awb-text-transform:none;\"><p><a href=\"https:\/\/www.tuev-seminare.de\/fachgebiete\/management-fuehrung\/organisation-und-recht\/2160\/material-compliance-beauftragter-tuev\" target=\"_blank\" rel=\"noopener\">Online-Seminar: https:\/\/www.tuev-seminare.de\/fachgebiete\/management-fuehrung\/organisation-und-recht\/2160\/material-compliance-beauftragter-tuev<\/a><\/p>\n<p><a href=\"https:\/\/www.tuev-seminare.de\/fachgebiete\/arbeitssicherheit\/gefahrstoffe-und-gefahrgut\/1328\/material-compliance-beauftragter-tuev\" target=\"_blank\" rel=\"noopener\">Pr\u00e4senzseminar: https:\/\/www.tuev-seminare.de\/fachgebiete\/arbeitssicherheit\/gefahrstoffe-und-gefahrgut\/1328\/material-compliance-beauftragter-tuev<\/a><\/p>\n<\/div><\/div><\/div><\/div><\/div>\n","protected":false},"excerpt":{"rendered":"","protected":false},"author":2,"featured_media":0,"parent":0,"menu_order":0,"comment_status":"closed","ping_status":"closed","template":"","meta":{"footnotes":""},"class_list":["post-9","page","type-page","status-publish","hentry"],"aioseo_notices":[],"_links":{"self":[{"href":"https:\/\/material-compliance-manager.de\/index.php\/wp-json\/wp\/v2\/pages\/9","targetHints":{"allow":["GET"]}}],"collection":[{"href":"https:\/\/material-compliance-manager.de\/index.php\/wp-json\/wp\/v2\/pages"}],"about":[{"href":"https:\/\/material-compliance-manager.de\/index.php\/wp-json\/wp\/v2\/types\/page"}],"author":[{"embeddable":true,"href":"https:\/\/material-compliance-manager.de\/index.php\/wp-json\/wp\/v2\/users\/2"}],"replies":[{"embeddable":true,"href":"https:\/\/material-compliance-manager.de\/index.php\/wp-json\/wp\/v2\/comments?post=9"}],"version-history":[{"count":25,"href":"https:\/\/material-compliance-manager.de\/index.php\/wp-json\/wp\/v2\/pages\/9\/revisions"}],"predecessor-version":[{"id":314,"href":"https:\/\/material-compliance-manager.de\/index.php\/wp-json\/wp\/v2\/pages\/9\/revisions\/314"}],"wp:attachment":[{"href":"https:\/\/material-compliance-manager.de\/index.php\/wp-json\/wp\/v2\/media?parent=9"}],"curies":[{"name":"wp","href":"https:\/\/api.w.org\/{rel}","templated":true}]}}