{"id":45,"date":"2016-07-19T12:20:34","date_gmt":"2016-07-19T10:20:34","guid":{"rendered":"http:\/\/material-compliance-manager.de\/?page_id=45"},"modified":"2023-10-27T21:11:52","modified_gmt":"2023-10-27T19:11:52","slug":"kontakt","status":"publish","type":"page","link":"https:\/\/material-compliance-manager.de\/index.php\/kontakt\/","title":{"rendered":"Kontakt"},"content":{"rendered":"<div class=\"fusion-fullwidth fullwidth-box fusion-builder-row-1 fusion-flex-container hundred-percent-fullwidth non-hundred-percent-height-scrolling\" style=\"--awb-border-radius-top-left:0px;--awb-border-radius-top-right:0px;--awb-border-radius-bottom-right:0px;--awb-border-radius-bottom-left:0px;--awb-overflow:visible;--awb-flex-wrap:wrap;\" ><div class=\"fusion-builder-row fusion-row fusion-flex-align-items-flex-start fusion-flex-content-wrap\" style=\"width:104% !important;max-width:104% !important;margin-left: calc(-4% \/ 2 );margin-right: calc(-4% \/ 2 );\"><div class=\"fusion-layout-column fusion_builder_column fusion-builder-column-0 fusion_builder_column_1_1 1_1 fusion-flex-column\" style=\"--awb-bg-size:cover;--awb-width-large:100%;--awb-margin-top-large:0px;--awb-spacing-right-large:1.92%;--awb-margin-bottom-large:20px;--awb-spacing-left-large:1.92%;--awb-width-medium:100%;--awb-spacing-right-medium:1.92%;--awb-spacing-left-medium:1.92%;--awb-width-small:100%;--awb-spacing-right-small:1.92%;--awb-spacing-left-small:1.92%;\"><div class=\"fusion-column-wrapper fusion-flex-justify-content-flex-start fusion-content-layout-column\"><div class=\"fusion-title title fusion-title-1 fusion-sep-none fusion-title-text fusion-title-size-one\" style=\"--awb-margin-bottom:30px;--awb-margin-top-small:10px;--awb-margin-right-small:0px;--awb-margin-bottom-small:10px;--awb-margin-left-small:0px;\"><h1 class=\"fusion-title-heading title-heading-left\" style=\"margin:0;\">Kontakt<\/h1><\/div><div class=\"fusion-text fusion-text-1\" style=\"--awb-text-transform:none;\"><p>tec4U-Solutions GmbH<br \/>\nSaar-Lor-Lux-Stra\u00dfe 13<br \/>\nD-66115 Saarbr\u00fccken<\/p>\n<p>Telefon +49 681 92564-122<br \/>\nE-Mail s.huber@tec4U-solutions.com<\/p>\n<p>Vertretungsberechtigter Gesellschafter: Stefan Nieser<br \/>\nHandelsregister Saarbr\u00fccken | HR B 100974 | Ust-Ident-Nr DE289347683<\/p>\n<p><strong>Haftungsausschluss:<\/strong> Die bereitgestellten Informationen auf dieser Website werden sorgf\u00e4ltig gepr\u00fcft und regelm\u00e4\u00dfig aktualisiert. Jedoch kann keine Haftung oder Garantie daf\u00fcr \u00fcbernommen werden, dass alle Angaben zu jeder Zeit vollst\u00e4ndig, richtig und in letzter Aktualit\u00e4t dargestellt sind. Trotz sorgf\u00e4ltiger Kontrolle \u00fcbernehmen wir keine Haftung f\u00fcr Inhalte externer Links. F\u00fcr den Inhalt der verlinkten Seiten sind ausschlie\u00dflich deren Betreiber verantwortlich.<\/p>\n<p><strong><a href=\"https:\/\/www.tec4u-solutions.com\/wp-content\/uploads\/2022\/02\/Datenschutzerklaerung_DE_web_2022.pdf\" target=\"_blank\" rel=\"noopener\">Datenschutz<\/a><\/strong><\/p>\n<\/div><\/div><\/div><\/div><\/div>\n","protected":false},"excerpt":{"rendered":"","protected":false},"author":2,"featured_media":0,"parent":0,"menu_order":0,"comment_status":"closed","ping_status":"closed","template":"","meta":{"footnotes":""},"class_list":["post-45","page","type-page","status-publish","hentry"],"aioseo_notices":[],"_links":{"self":[{"href":"https:\/\/material-compliance-manager.de\/index.php\/wp-json\/wp\/v2\/pages\/45","targetHints":{"allow":["GET"]}}],"collection":[{"href":"https:\/\/material-compliance-manager.de\/index.php\/wp-json\/wp\/v2\/pages"}],"about":[{"href":"https:\/\/material-compliance-manager.de\/index.php\/wp-json\/wp\/v2\/types\/page"}],"author":[{"embeddable":true,"href":"https:\/\/material-compliance-manager.de\/index.php\/wp-json\/wp\/v2\/users\/2"}],"replies":[{"embeddable":true,"href":"https:\/\/material-compliance-manager.de\/index.php\/wp-json\/wp\/v2\/comments?post=45"}],"version-history":[{"count":10,"href":"https:\/\/material-compliance-manager.de\/index.php\/wp-json\/wp\/v2\/pages\/45\/revisions"}],"predecessor-version":[{"id":329,"href":"https:\/\/material-compliance-manager.de\/index.php\/wp-json\/wp\/v2\/pages\/45\/revisions\/329"}],"wp:attachment":[{"href":"https:\/\/material-compliance-manager.de\/index.php\/wp-json\/wp\/v2\/media?parent=45"}],"curies":[{"name":"wp","href":"https:\/\/api.w.org\/{rel}","templated":true}]}}