{"id":4,"date":"2016-07-16T07:29:46","date_gmt":"2016-07-16T05:29:46","guid":{"rendered":"http:\/\/material-compliance-manager.de\/?page_id=4"},"modified":"2024-08-20T09:27:56","modified_gmt":"2024-08-20T07:27:56","slug":"startseite","status":"publish","type":"page","link":"https:\/\/material-compliance-manager.de\/","title":{"rendered":"Startseite"},"content":{"rendered":"<div class=\"fusion-fullwidth fullwidth-box fusion-builder-row-1 fusion-flex-container hundred-percent-fullwidth non-hundred-percent-height-scrolling\" style=\"--awb-border-radius-top-left:0px;--awb-border-radius-top-right:0px;--awb-border-radius-bottom-right:0px;--awb-border-radius-bottom-left:0px;--awb-overflow:visible;--awb-flex-wrap:wrap;\" ><div class=\"fusion-builder-row fusion-row fusion-flex-align-items-flex-start fusion-flex-content-wrap\" style=\"width:104% !important;max-width:104% !important;margin-left: calc(-4% \/ 2 );margin-right: calc(-4% \/ 2 );\"><div class=\"fusion-layout-column fusion_builder_column fusion-builder-column-0 fusion_builder_column_1_1 1_1 fusion-flex-column\" style=\"--awb-bg-size:cover;--awb-width-large:100%;--awb-margin-top-large:0px;--awb-spacing-right-large:1.92%;--awb-margin-bottom-large:20px;--awb-spacing-left-large:1.92%;--awb-width-medium:100%;--awb-spacing-right-medium:1.92%;--awb-spacing-left-medium:1.92%;--awb-width-small:100%;--awb-spacing-right-small:1.92%;--awb-spacing-left-small:1.92%;\"><div class=\"fusion-column-wrapper fusion-flex-justify-content-flex-start fusion-content-layout-column\"><div class=\"fusion-title title fusion-title-1 fusion-sep-none fusion-title-text fusion-title-size-one\" style=\"--awb-margin-top-small:10px;--awb-margin-right-small:0px;--awb-margin-bottom-small:10px;--awb-margin-left-small:0px;\"><h1 class=\"fusion-title-heading title-heading-left\" style=\"margin:0;\">Experte f\u00fcr die Umsetzung von REACH, RoHS, CSRD &amp; Co. werden!<\/h1><\/div><div class=\"fusion-title title fusion-title-2 fusion-sep-none fusion-title-text fusion-title-size-two\" style=\"--awb-margin-top-small:10px;--awb-margin-right-small:0px;--awb-margin-bottom-small:10px;--awb-margin-left-small:0px;\"><h2 class=\"fusion-title-heading title-heading-left\" style=\"margin:0;\">Zertifizierte Beauftragte und Fachkr\u00e4fte zu den Themen Material Compliance &amp; Nachhaltigkeit sorgen f\u00fcr mehr Organisations- und Umsetzungssicherheit in der betrieblichen Praxis<b> <\/b><\/h2><\/div><div class=\"fusion-text fusion-text-1\"><p>Im globalen Gesch\u00e4ftsverkehr sorgen unterschiedliche Material Compliance &amp; Sustainanbility Anforderungen resultierend aus Regelwerken wie REACH, RoHS, CSRD oder LkSG sowie spezielle Kundenvorgaben f\u00fcr Unsicherheit hinsichtlich der Umsetzungsaufgaben. Die von tec4U-Solutions gemeinsam mit T\u00dcV Saarland Bildung + Consulting initiierte Schulungsinitiative liefert einen Beitrag zur Kl\u00e4rung der momentanen Ungewissheit und bietet mit dem T\u00dcV-Zertifikatsabschluss einen standardisierten Qualifikationsnachweis.<\/p>\n<p>Folgende T\u00dcV-Zertifikatslehrg\u00e4nge werden derzeit angeboten:<\/p>\n<\/div><ul style=\"--awb-size:13px;--awb-line-height:22.1px;--awb-icon-width:22.1px;--awb-icon-height:22.1px;--awb-icon-margin:9.1px;--awb-content-margin:31.2px;--awb-circlecolor:#a0ce4e;--awb-circle-yes-font-size:11.44px;\" class=\"fusion-checklist fusion-checklist-1 fusion-checklist-default type-icons\"><li class=\"fusion-li-item\" style=\"\"><span class=\"icon-wrapper circle-yes\"><i class=\"fusion-li-icon fa-chevron-right fas\" aria-hidden=\"true\"><\/i><\/span><div class=\"fusion-li-item-content\">\n<p><a href=\"https:\/\/material-compliance-manager.de\/index.php\/beauftragter\/\">Zertifizierter Material Compliance Beauftragter m\/w\/d<\/a><\/p>\n<p>Richtet sich an diejenigen Mitarbeiter, die das Thema Material Compliance intern koordinieren &amp; strategisch im Unternehmen aufstellen. Der Fokus des Seminars liegt auf der Installation der notwendigen Prozesse, der \u00dcberwachung der Umsetzung im Prozess sowie auf der Weiterentwicklung der einzelnen Unternehmensbereiche im Themenkomplex Material Compliance (interner Ansprechpartner).<\/p>\n<\/div><\/li><li class=\"fusion-li-item\" style=\"\"><span class=\"icon-wrapper circle-yes\"><i class=\"fusion-li-icon fa-chevron-right fas\" aria-hidden=\"true\"><\/i><\/span><div class=\"fusion-li-item-content\">\n<p><a href=\"https:\/\/material-compliance-manager.de\/index.php\/fachkraft\/\">Zertifizierte Material Compliance Fachkraft m\/w\/d: <\/a><\/p>\n<p>Richtet sich an die Mitarbeiter, die Materialdaten beim Lieferanten operativ beschaffen und die eingehenden Daten validieren sollen. Besonderer Fokus liegt hierbei auf der Lieferantenansprache, den verschiedenen Eskalationsmodellen und der Datenvalidierung. Insbesondere wird die Kommunikation mit Lieferanten, die keine Materialdaten liefern k\u00f6nnen oder wollen, einge\u00fcbt.<\/p>\n<\/div><\/li><li class=\"fusion-li-item\" style=\"\"><span class=\"icon-wrapper circle-yes\"><i class=\"fusion-li-icon fa-chevron-right fas\" aria-hidden=\"true\"><\/i><\/span><div class=\"fusion-li-item-content\">\n<p><a href=\"https:\/\/www.tec4u-solutions.com\/fortbildung-csrd-beauftragter-tuev\/\" target=\"_blank\" rel=\"noopener\">Zertifizierte CSRD-Beauftragte m\/w\/d:<\/a><\/p>\n<p>Richtet sich an die Mitarbeiter, die sich im Unternehmen ausf\u00fchrlich mit dem der Corporate Sustainability Reporting Directive (CSRD) auseinandersetzen und die notwendigen Kompetenzen, aber auch entsprechenden Prozesse intern aufbauen, um einen vorgabenkonformen Nachhaltigkeitsbericht gem\u00e4\u00df dem neuen ESRS-Berichtsstandard zu erstellen.<\/p>\n<\/div><\/li><li class=\"fusion-li-item\" style=\"\"><span class=\"icon-wrapper circle-yes\"><i class=\"fusion-li-icon fa-chevron-right fas\" aria-hidden=\"true\"><\/i><\/span><div class=\"fusion-li-item-content\">\n<p><a href=\"https:\/\/www.tec4u-solutions.com\/lehrgang-lksg-beauftragter-tuev\/\" target=\"_blank\" rel=\"noopener\">Zertifizierte LkSG-Beauftragte m\/w\/d:<\/a><\/p>\n<p>Richtet sich an die Mitarbeiter, die f\u00fcr die praktische Umsetzung des Lieferkettensorgfaltspflichtengesetztes (LkSG) zust\u00e4ndig sind. Im Seminar wird das notwendige Verst\u00e4ndnis f\u00fcr die Anforderungen aus dem LkSG vermittelt und praxisorientiert aufgezeigt, wie die notwendigen Prozesse zur Umsetzung der Sorgfaltspflichten zielgerichtet im Unternehmen etabliert werden.<\/p>\n<\/div><\/li><\/ul><div class=\"fusion-text fusion-text-2\"><p>&#8211;<\/p>\n<p>Die Seminare werden als Pr\u00e4senz- oder Onlineveranstaltung von der tec4U-Solutions GmbH durchgef\u00fchrt und dauern zwischen 2 und 3,5 Tagen. Bei Bedarf k\u00f6nnen die Lehrg\u00e4nge auch als Inhouse-Schulungen gebucht werden. Am Ende findet eine Pr\u00fcfung statt, die bei erfolgreichem Bestehen durch die T\u00dcV Saarland Bildung + Consulting GmbH mit einem Zertifikat best\u00e4tigt wird.<\/p>\n<p>Unternehmen m\u00fcssen die Verantwortung f\u00fcr die schadstofffreie Herstellung ihrer Produkte und einen nachhaltig wirtschaftenden Betrieb annehmen und Strategien und Prozesse installieren, welche diese Anforderungen umsetzen. Die Fortbildungen bieten den Unternehmen kompetente Hilfestellung bei der Erf\u00fcllung und Sicherstellung der Vorgaben. Durch das T\u00dcV-Zertifikat erhalten die Teilnehmer einen vergleichbaren und anerkannten Nachweis der erworbenen Qualifikationen.<\/p>\n<\/div><\/div><\/div><div class=\"fusion-layout-column fusion_builder_column fusion-builder-column-1 fusion_builder_column_1_1 1_1 fusion-flex-column\" style=\"--awb-bg-size:cover;--awb-width-large:100%;--awb-margin-top-large:0px;--awb-spacing-right-large:1.92%;--awb-margin-bottom-large:0px;--awb-spacing-left-large:1.92%;--awb-width-medium:100%;--awb-spacing-right-medium:1.92%;--awb-spacing-left-medium:1.92%;--awb-width-small:100%;--awb-spacing-right-small:1.92%;--awb-spacing-left-small:1.92%;\"><div class=\"fusion-column-wrapper fusion-flex-justify-content-flex-start fusion-content-layout-column\"><div class=\"fusion-title title fusion-title-3 fusion-sep-none fusion-title-text fusion-title-size-two\" style=\"--awb-margin-top:15px;--awb-margin-bottom:15px;--awb-margin-top-small:10px;--awb-margin-right-small:0px;--awb-margin-bottom-small:10px;--awb-margin-left-small:0px;\"><h2 class=\"fusion-title-heading title-heading-left\" style=\"margin:0;\">Aktuelle Termine &amp; News<\/h2><\/div><div class=\"fusion-recent-posts fusion-recent-posts-1 avada-container layout-thumbnails-on-side layout-columns-4\"><section class=\"fusion-columns columns fusion-columns-4 columns-4\"><article class=\"post fusion-column column col col-lg-3 col-md-3 col-sm-3\"><div class=\"recent-posts-content\"><span class=\"vcard\" style=\"display: none;\"><span class=\"fn\"><a href=\"https:\/\/material-compliance-manager.de\/index.php\/author\/stefanie-huber\/\" title=\"Beitr\u00e4ge von Stefanie Huber\" rel=\"author\">Stefanie Huber<\/a><\/span><\/span><span class=\"updated\" style=\"display:none;\">2021-12-22T15:02:22+01:00<\/span><h4 class=\"entry-title\"><a href=\"https:\/\/material-compliance-manager.de\/index.php\/2016\/11\/22\/mc-beauftragter-tuev\/\">Material Compliance Beauftragter (T\u00dcV)<\/a><\/h4><p>Alle Termine zum Lehrgang \u201eMaterial Compliance Beauftragter (T\u00dcV)\u201c finden Sie unter folgenden Links: Online-Seminare Pr\u00e4senzseminare<\/p><\/div><\/article><article class=\"post fusion-column column col col-lg-3 col-md-3 col-sm-3\"><div class=\"recent-posts-content\"><span class=\"vcard\" style=\"display: none;\"><span class=\"fn\"><a href=\"https:\/\/material-compliance-manager.de\/index.php\/author\/stefanie-huber\/\" title=\"Beitr\u00e4ge von Stefanie Huber\" rel=\"author\">Stefanie Huber<\/a><\/span><\/span><span class=\"updated\" style=\"display:none;\">2020-08-13T11:24:43+02:00<\/span><h4 class=\"entry-title\"><a href=\"https:\/\/material-compliance-manager.de\/index.php\/2016\/11\/10\/mc-fachkraft_tuev\/\">Material Compliance Fachkraft (T\u00dcV)<\/a><\/h4><p>Alle Termine zum Lehrgang \"Material Compliance Fachkraft (T\u00dcV)\" finden Sie unter folgenden Links: Online-Seminare Pr\u00e4senzseminare \u00a0<\/p><\/div><\/article><article class=\"post fusion-column column col col-lg-3 col-md-3 col-sm-3\"><div class=\"recent-posts-content\"><span class=\"vcard\" style=\"display: none;\"><span class=\"fn\"><a href=\"https:\/\/material-compliance-manager.de\/index.php\/author\/stefanie-huber\/\" title=\"Beitr\u00e4ge von Stefanie Huber\" rel=\"author\">Stefanie Huber<\/a><\/span><\/span><span class=\"updated\" style=\"display:none;\">2020-08-13T10:29:25+02:00<\/span><h4 class=\"entry-title\"><a href=\"https:\/\/material-compliance-manager.de\/index.php\/2016\/11\/09\/mc-academy-termine\/\">Material Compliance Academy Terminkalender<\/a><\/h4><p>Alle Seminare, Schulungen &amp; Workshops der Material Compliance Academy finden Sie in unserem Terminkalender.<\/p><\/div><\/article><\/section><\/div><\/div><\/div><div class=\"fusion-layout-column fusion_builder_column fusion-builder-column-2 fusion_builder_column_1_1 1_1 fusion-flex-column fusion-flex-align-self-flex-start fusion-column-no-min-height\" style=\"--awb-bg-size:cover;--awb-width-large:100%;--awb-margin-top-large:0px;--awb-spacing-right-large:1.92%;--awb-margin-bottom-large:0px;--awb-spacing-left-large:1.92%;--awb-width-medium:100%;--awb-spacing-right-medium:1.92%;--awb-spacing-left-medium:1.92%;--awb-width-small:100%;--awb-spacing-right-small:1.92%;--awb-spacing-left-small:1.92%;\"><div class=\"fusion-column-wrapper fusion-flex-justify-content-flex-start fusion-content-layout-column\"><div class=\"fusion-separator fusion-full-width-sep\" style=\"align-self: center;margin-left: auto;margin-right: auto;margin-top:40px;margin-bottom:40px;width:100%;\"><div class=\"fusion-separator-border sep-shadow\" style=\"--awb-height:20px;--awb-amount:20px;background:radial-gradient(ellipse at 50% -50% , #e0dede 0px, rgba(255, 255, 255, 0) 80%) repeat scroll 0 0 rgba(0, 0, 0, 0);background:-webkit-radial-gradient(ellipse at 50% -50% , #e0dede 0px, rgba(255, 255, 255, 0) 80%) repeat scroll 0 0 rgba(0, 0, 0, 0);background:-moz-radial-gradient(ellipse at 50% -50% , #e0dede 0px, rgba(255, 255, 255, 0) 80%) repeat scroll 0 0 rgba(0, 0, 0, 0);background:-o-radial-gradient(ellipse at 50% -50% , #e0dede 0px, rgba(255, 255, 255, 0) 80%) repeat scroll 0 0 rgba(0, 0, 0, 0);\"><\/div><\/div><div class=\"fusion-text fusion-text-3\"><p style=\"text-align: center;\">Diese Website ist ein Service der tec4U-Solutions GmbH.<\/p>\n<\/div><div class=\"fusion-image-element \" style=\"text-align:center;--awb-caption-title-font-family:var(--h2_typography-font-family);--awb-caption-title-font-weight:var(--h2_typography-font-weight);--awb-caption-title-font-style:var(--h2_typography-font-style);--awb-caption-title-size:var(--h2_typography-font-size);--awb-caption-title-transform:var(--h2_typography-text-transform);--awb-caption-title-line-height:var(--h2_typography-line-height);--awb-caption-title-letter-spacing:var(--h2_typography-letter-spacing);\"><span class=\" fusion-imageframe imageframe-none imageframe-1 hover-type-none\"><a class=\"fusion-no-lightbox\" href=\"http:\/\/www.tec4u-solutions.com\/\" target=\"_blank\" aria-label=\"Logo_tec4U-Solutions\" rel=\"noopener noreferrer\"><img decoding=\"async\" width=\"250\" height=\"125\" alt=\"tec4U-Solutions GmbH\" src=\"https:\/\/material-compliance-manager.de\/wp-content\/uploads\/2016\/07\/Logo_tec4U-Solutions.png\" data-orig-src=\"https:\/\/material-compliance-manager.de\/wp-content\/uploads\/2016\/07\/Logo_tec4U-Solutions.png\" class=\"lazyload img-responsive wp-image-77\" srcset=\"data:image\/svg+xml,%3Csvg%20xmlns%3D%27http%3A%2F%2Fwww.w3.org%2F2000%2Fsvg%27%20width%3D%27250%27%20height%3D%27125%27%20viewBox%3D%270%200%20250%20125%27%3E%3Crect%20width%3D%27250%27%20height%3D%27125%27%20fill-opacity%3D%220%22%2F%3E%3C%2Fsvg%3E\" data-srcset=\"https:\/\/material-compliance-manager.de\/wp-content\/uploads\/2016\/07\/Logo_tec4U-Solutions-200x100.png 200w, https:\/\/material-compliance-manager.de\/wp-content\/uploads\/2016\/07\/Logo_tec4U-Solutions.png 250w\" data-sizes=\"auto\" data-orig-sizes=\"(max-width: 1024px) 100vw, (max-width: 640px) 100vw, 250px\" \/><\/a><\/span><\/div><div class=\"fusion-separator fusion-full-width-sep\" style=\"align-self: center;margin-left: auto;margin-right: auto;width:100%;\"><\/div><\/div><\/div><\/div><\/div>\n","protected":false},"excerpt":{"rendered":"","protected":false},"author":2,"featured_media":0,"parent":0,"menu_order":0,"comment_status":"closed","ping_status":"closed","template":"","meta":{"footnotes":""},"class_list":["post-4","page","type-page","status-publish","hentry"],"aioseo_notices":[],"_links":{"self":[{"href":"https:\/\/material-compliance-manager.de\/index.php\/wp-json\/wp\/v2\/pages\/4","targetHints":{"allow":["GET"]}}],"collection":[{"href":"https:\/\/material-compliance-manager.de\/index.php\/wp-json\/wp\/v2\/pages"}],"about":[{"href":"https:\/\/material-compliance-manager.de\/index.php\/wp-json\/wp\/v2\/types\/page"}],"author":[{"embeddable":true,"href":"https:\/\/material-compliance-manager.de\/index.php\/wp-json\/wp\/v2\/users\/2"}],"replies":[{"embeddable":true,"href":"https:\/\/material-compliance-manager.de\/index.php\/wp-json\/wp\/v2\/comments?post=4"}],"version-history":[{"count":42,"href":"https:\/\/material-compliance-manager.de\/index.php\/wp-json\/wp\/v2\/pages\/4\/revisions"}],"predecessor-version":[{"id":342,"href":"https:\/\/material-compliance-manager.de\/index.php\/wp-json\/wp\/v2\/pages\/4\/revisions\/342"}],"wp:attachment":[{"href":"https:\/\/material-compliance-manager.de\/index.php\/wp-json\/wp\/v2\/media?parent=4"}],"curies":[{"name":"wp","href":"https:\/\/api.w.org\/{rel}","templated":true}]}}